{"id":79,"date":"2023-01-02T11:13:17","date_gmt":"2023-01-02T11:13:17","guid":{"rendered":"https:\/\/mazetduruisseau.com\/?page_id=79"},"modified":"2023-02-16T09:59:09","modified_gmt":"2023-02-16T09:59:09","slug":"mazet-du-ruisseau","status":"publish","type":"page","link":"https:\/\/mazetduruisseau.com\/?page_id=79","title":{"rendered":"Le g\u00eete"},"content":{"rendered":"\t\t<div data-elementor-type=\"wp-page\" data-elementor-id=\"79\" class=\"elementor elementor-79\">\n\t\t\t\t\t\t<section class=\"elementor-section elementor-top-section elementor-element elementor-element-1f21677 elementor-section-full_width elementor-section-content-top elementor-section-height-default elementor-section-height-default\" data-id=\"1f21677\" data-element_type=\"section\" data-e-type=\"section\" data-settings=\"{&quot;background_background&quot;:&quot;gradient&quot;}\">\n\t\t\t\t\t\t<div class=\"elementor-container elementor-column-gap-default\">\n\t\t\t\t\t<div class=\"elementor-column elementor-col-100 elementor-top-column elementor-element elementor-element-79d4a2c\" data-id=\"79d4a2c\" data-element_type=\"column\" data-e-type=\"column\">\n\t\t\t<div class=\"elementor-widget-wrap elementor-element-populated\">\n\t\t\t\t\t\t<div class=\"elementor-element elementor-element-800312a elementor-widget elementor-widget-text-editor\" data-id=\"800312a\" data-element_type=\"widget\" data-e-type=\"widget\" data-widget_type=\"text-editor.default\">\n\t\t\t\t<div class=\"elementor-widget-container\">\n\t\t\t\t\t\t\t\t\t<p>Location de vacances, pour quatre personnes aux Baux de Provence. Au calme absolu, sans vis \u00e0 vis.<\/p><p>Le linge de maison est fourni en option.<\/p><p>F\u00eates et \u00e9v\u00e8nements interdits, les animaux sont accept\u00e9s. Arriv\u00e9e autonome.<\/p>\t\t\t\t\t\t\t\t<\/div>\n\t\t\t\t<\/div>\n\t\t\t\t\t<\/div>\n\t\t<\/div>\n\t\t\t\t\t<\/div>\n\t\t<\/section>\n\t\t\t\t<section class=\"elementor-section elementor-top-section elementor-element elementor-element-7794b84 elementor-section-boxed elementor-section-height-default elementor-section-height-default\" data-id=\"7794b84\" data-element_type=\"section\" data-e-type=\"section\">\n\t\t\t\t\t\t<div class=\"elementor-container elementor-column-gap-default\">\n\t\t\t\t\t<div class=\"elementor-column elementor-col-100 elementor-top-column elementor-element elementor-element-89faf00\" data-id=\"89faf00\" data-element_type=\"column\" data-e-type=\"column\">\n\t\t\t<div class=\"elementor-widget-wrap elementor-element-populated\">\n\t\t\t\t\t\t<div class=\"elementor-element elementor-element-62b900e elementor-arrows-position-inside elementor-pagination-position-outside elementor-widget elementor-widget-image-carousel\" data-id=\"62b900e\" data-element_type=\"widget\" data-e-type=\"widget\" data-settings=\"{&quot;navigation&quot;:&quot;both&quot;,&quot;autoplay&quot;:&quot;yes&quot;,&quot;pause_on_hover&quot;:&quot;yes&quot;,&quot;pause_on_interaction&quot;:&quot;yes&quot;,&quot;autoplay_speed&quot;:5000,&quot;infinite&quot;:&quot;yes&quot;,&quot;speed&quot;:500}\" data-widget_type=\"image-carousel.default\">\n\t\t\t\t<div class=\"elementor-widget-container\">\n\t\t\t\t\t\t\t<div class=\"elementor-image-carousel-wrapper swiper\" role=\"region\" aria-roledescription=\"carousel\" aria-label=\"Carrousel d\u2019images\" dir=\"ltr\">\n\t\t\t<div class=\"elementor-image-carousel swiper-wrapper\" aria-live=\"off\">\n\t\t\t\t\t\t\t\t<div class=\"swiper-slide\" role=\"group\" aria-roledescription=\"slide\" aria-label=\"1 sur 9\"><figure class=\"swiper-slide-inner\"><img decoding=\"async\" class=\"swiper-slide-image\" src=\"https:\/\/mazetduruisseau.com\/wp-content\/uploads\/2023\/02\/20160918_134558-600x600.jpg\" alt=\"Le Village\" \/><\/figure><\/div><div class=\"swiper-slide\" role=\"group\" aria-roledescription=\"slide\" aria-label=\"2 sur 9\"><figure class=\"swiper-slide-inner\"><img decoding=\"async\" class=\"swiper-slide-image\" src=\"https:\/\/mazetduruisseau.com\/wp-content\/uploads\/2023\/01\/mazet-600x600.jpg\" alt=\"Fa\u00e7ade Ouest\" \/><\/figure><\/div><div class=\"swiper-slide\" role=\"group\" aria-roledescription=\"slide\" aria-label=\"3 sur 9\"><figure class=\"swiper-slide-inner\"><img decoding=\"async\" class=\"swiper-slide-image\" src=\"https:\/\/mazetduruisseau.com\/wp-content\/uploads\/2023\/02\/20160528_140548-600x600.jpg\" alt=\"20160528_140548\" \/><\/figure><\/div><div class=\"swiper-slide\" role=\"group\" aria-roledescription=\"slide\" aria-label=\"4 sur 9\"><figure class=\"swiper-slide-inner\"><img decoding=\"async\" class=\"swiper-slide-image\" src=\"https:\/\/mazetduruisseau.com\/wp-content\/uploads\/2023\/02\/20160528_140624-600x600.jpg\" alt=\"20160528_140624\" \/><\/figure><\/div><div class=\"swiper-slide\" role=\"group\" aria-roledescription=\"slide\" aria-label=\"5 sur 9\"><figure class=\"swiper-slide-inner\"><img decoding=\"async\" class=\"swiper-slide-image\" src=\"https:\/\/mazetduruisseau.com\/wp-content\/uploads\/2023\/02\/20210830_131953-600x600.jpg\" alt=\"Entr\u00e9e sud\" \/><\/figure><\/div><div class=\"swiper-slide\" role=\"group\" aria-roledescription=\"slide\" aria-label=\"6 sur 9\"><figure class=\"swiper-slide-inner\"><img decoding=\"async\" class=\"swiper-slide-image\" src=\"https:\/\/mazetduruisseau.com\/wp-content\/uploads\/2023\/02\/20200803_135625-600x600.jpg\" alt=\"Salon, cuisine\" \/><\/figure><\/div><div class=\"swiper-slide\" role=\"group\" aria-roledescription=\"slide\" aria-label=\"7 sur 9\"><figure class=\"swiper-slide-inner\"><img decoding=\"async\" class=\"swiper-slide-image\" src=\"https:\/\/mazetduruisseau.com\/wp-content\/uploads\/2023\/02\/20200803_135213-600x600.jpg\" alt=\"Chambre parentle\" \/><\/figure><\/div><div class=\"swiper-slide\" role=\"group\" aria-roledescription=\"slide\" aria-label=\"8 sur 9\"><figure class=\"swiper-slide-inner\"><img decoding=\"async\" class=\"swiper-slide-image\" src=\"https:\/\/mazetduruisseau.com\/wp-content\/uploads\/2023\/02\/20211218_160755-600x600.jpg\" alt=\"Chambre enfants\" \/><\/figure><\/div><div class=\"swiper-slide\" role=\"group\" aria-roledescription=\"slide\" aria-label=\"9 sur 9\"><figure class=\"swiper-slide-inner\"><img decoding=\"async\" class=\"swiper-slide-image\" src=\"https:\/\/mazetduruisseau.com\/wp-content\/uploads\/2023\/02\/20160528_141039-600x600.jpg\" alt=\"Salle de bain\" \/><\/figure><\/div>\t\t\t<\/div>\n\t\t\t\t\t\t\t\t\t\t\t\t<div class=\"elementor-swiper-button elementor-swiper-button-prev\" role=\"button\" tabindex=\"0\">\n\t\t\t\t\t\t<i aria-hidden=\"true\" class=\"eicon-chevron-left\"><\/i>\t\t\t\t\t<\/div>\n\t\t\t\t\t<div class=\"elementor-swiper-button elementor-swiper-button-next\" role=\"button\" tabindex=\"0\">\n\t\t\t\t\t\t<i aria-hidden=\"true\" class=\"eicon-chevron-right\"><\/i>\t\t\t\t\t<\/div>\n\t\t\t\t\n\t\t\t\t\t\t\t\t\t<div class=\"swiper-pagination\"><\/div>\n\t\t\t\t\t\t\t\t\t<\/div>\n\t\t\t\t\t\t<\/div>\n\t\t\t\t<\/div>\n\t\t\t\t\t<\/div>\n\t\t<\/div>\n\t\t\t\t\t<\/div>\n\t\t<\/section>\n\t\t\t\t<\/div>\n\t\t","protected":false},"excerpt":{"rendered":"<p>Location de vacances, pour quatre personnes aux Baux de Provence. Au calme absolu, sans vis \u00e0 vis. Le linge de maison est fourni en option. F\u00eates et \u00e9v\u00e8nements interdits, les animaux sont accept\u00e9s. Arriv\u00e9e autonome. Pr\u00e9c\u00e9dent Suivant<\/p>\n","protected":false},"author":1,"featured_media":0,"parent":0,"menu_order":0,"comment_status":"closed","ping_status":"closed","template":"elementor_header_footer","meta":{"ocean_post_layout":"","ocean_both_sidebars_style":"","ocean_both_sidebars_content_width":0,"ocean_both_sidebars_sidebars_width":0,"ocean_sidebar":"0","ocean_second_sidebar":"0","ocean_disable_margins":"enable","ocean_add_body_class":"","ocean_shortcode_before_top_bar":"","ocean_shortcode_after_top_bar":"","ocean_shortcode_before_header":"","ocean_shortcode_after_header":"","ocean_has_shortcode":"","ocean_shortcode_after_title":"","ocean_shortcode_before_footer_widgets":"","ocean_shortcode_after_footer_widgets":"","ocean_shortcode_before_footer_bottom":"","ocean_shortcode_after_footer_bottom":"","ocean_display_top_bar":"off","ocean_display_header":"off","ocean_header_style":"custom","ocean_center_header_left_menu":"0","ocean_custom_header_template":"0","ocean_custom_logo":0,"ocean_custom_retina_logo":0,"ocean_custom_logo_max_width":0,"ocean_custom_logo_tablet_max_width":0,"ocean_custom_logo_mobile_max_width":0,"ocean_custom_logo_max_height":0,"ocean_custom_logo_tablet_max_height":0,"ocean_custom_logo_mobile_max_height":0,"ocean_header_custom_menu":"0","ocean_menu_typo_font_family":"0","ocean_menu_typo_font_subset":"","ocean_menu_typo_font_size":0,"ocean_menu_typo_font_size_tablet":0,"ocean_menu_typo_font_size_mobile":0,"ocean_menu_typo_font_size_unit":"px","ocean_menu_typo_font_weight":"","ocean_menu_typo_font_weight_tablet":"","ocean_menu_typo_font_weight_mobile":"","ocean_menu_typo_transform":"","ocean_menu_typo_transform_tablet":"","ocean_menu_typo_transform_mobile":"","ocean_menu_typo_line_height":0,"ocean_menu_typo_line_height_tablet":0,"ocean_menu_typo_line_height_mobile":0,"ocean_menu_typo_line_height_unit":"","ocean_menu_typo_spacing":0,"ocean_menu_typo_spacing_tablet":0,"ocean_menu_typo_spacing_mobile":0,"ocean_menu_typo_spacing_unit":"","ocean_menu_link_color":"","ocean_menu_link_color_hover":"","ocean_menu_link_color_active":"","ocean_menu_link_background":"","ocean_menu_link_hover_background":"","ocean_menu_link_active_background":"","ocean_menu_social_links_bg":"","ocean_menu_social_hover_links_bg":"","ocean_menu_social_links_color":"","ocean_menu_social_hover_links_color":"","ocean_disable_title":"enable","ocean_disable_heading":"enable","ocean_post_title":"LE G\u00ceTE","ocean_post_subheading":"","ocean_post_title_style":"","ocean_post_title_background_color":"","ocean_post_title_background":0,"ocean_post_title_bg_image_position":"","ocean_post_title_bg_image_attachment":"","ocean_post_title_bg_image_repeat":"","ocean_post_title_bg_image_size":"","ocean_post_title_height":0,"ocean_post_title_bg_overlay":0.5,"ocean_post_title_bg_overlay_color":"","ocean_disable_breadcrumbs":"default","ocean_breadcrumbs_color":"","ocean_breadcrumbs_separator_color":"","ocean_breadcrumbs_links_color":"","ocean_breadcrumbs_links_hover_color":"","ocean_display_footer_widgets":"default","ocean_display_footer_bottom":"default","ocean_custom_footer_template":"0","footnotes":""},"class_list":["post-79","page","type-page","status-publish","hentry","entry","owp-thumbs-layout-horizontal","owp-btn-normal","owp-tabs-layout-horizontal","has-no-thumbnails","has-product-nav"],"yoast_head":"<!-- This site is optimized with the Yoast SEO plugin v27.4 - https:\/\/yoast.com\/product\/yoast-seo-wordpress\/ -->\n<title>Le g\u00eete - Mazet du Ruisseau<\/title>\n<meta name=\"description\" content=\"G\u00eete location de vacances aux Baux de Provence Alpilles\" \/>\n<meta name=\"robots\" content=\"index, follow, max-snippet:-1, max-image-preview:large, max-video-preview:-1\" \/>\n<link rel=\"canonical\" href=\"https:\/\/mazetduruisseau.com\/?page_id=79\" \/>\n<meta property=\"og:locale\" content=\"fr_FR\" \/>\n<meta property=\"og:type\" content=\"article\" \/>\n<meta property=\"og:title\" content=\"Le g\u00eete - Mazet du Ruisseau\" \/>\n<meta property=\"og:description\" content=\"G\u00eete location de vacances aux Baux de Provence Alpilles\" \/>\n<meta property=\"og:url\" content=\"https:\/\/mazetduruisseau.com\/?page_id=79\" \/>\n<meta property=\"og:site_name\" content=\"Mazet du Ruisseau\" \/>\n<meta property=\"article:modified_time\" content=\"2023-02-16T09:59:09+00:00\" \/>\n<meta property=\"og:image\" content=\"https:\/\/mazetduruisseau.com\/wp-content\/uploads\/2023\/02\/20160918_134558-600x600.jpg\" \/>\n<meta name=\"twitter:card\" content=\"summary_large_image\" \/>\n<meta name=\"twitter:label1\" content=\"Dur\u00e9e de lecture estim\u00e9e\" \/>\n\t<meta name=\"twitter:data1\" content=\"2 minutes\" \/>\n<script type=\"application\/ld+json\" class=\"yoast-schema-graph\">{\"@context\":\"https:\\\/\\\/schema.org\",\"@graph\":[{\"@type\":\"WebPage\",\"@id\":\"https:\\\/\\\/mazetduruisseau.com\\\/?page_id=79\",\"url\":\"https:\\\/\\\/mazetduruisseau.com\\\/?page_id=79\",\"name\":\"Le g\u00eete - Mazet du Ruisseau\",\"isPartOf\":{\"@id\":\"https:\\\/\\\/mazetduruisseau.com\\\/#website\"},\"primaryImageOfPage\":{\"@id\":\"https:\\\/\\\/mazetduruisseau.com\\\/?page_id=79#primaryimage\"},\"image\":{\"@id\":\"https:\\\/\\\/mazetduruisseau.com\\\/?page_id=79#primaryimage\"},\"thumbnailUrl\":\"https:\\\/\\\/mazetduruisseau.com\\\/wp-content\\\/uploads\\\/2023\\\/02\\\/20160918_134558-600x600.jpg\",\"datePublished\":\"2023-01-02T11:13:17+00:00\",\"dateModified\":\"2023-02-16T09:59:09+00:00\",\"description\":\"G\u00eete location de vacances aux Baux de Provence Alpilles\",\"breadcrumb\":{\"@id\":\"https:\\\/\\\/mazetduruisseau.com\\\/?page_id=79#breadcrumb\"},\"inLanguage\":\"fr-FR\",\"potentialAction\":[{\"@type\":\"ReadAction\",\"target\":[\"https:\\\/\\\/mazetduruisseau.com\\\/?page_id=79\"]}]},{\"@type\":\"ImageObject\",\"inLanguage\":\"fr-FR\",\"@id\":\"https:\\\/\\\/mazetduruisseau.com\\\/?page_id=79#primaryimage\",\"url\":\"https:\\\/\\\/mazetduruisseau.com\\\/wp-content\\\/uploads\\\/2023\\\/02\\\/20160918_134558-600x600.jpg\",\"contentUrl\":\"https:\\\/\\\/mazetduruisseau.com\\\/wp-content\\\/uploads\\\/2023\\\/02\\\/20160918_134558-600x600.jpg\"},{\"@type\":\"BreadcrumbList\",\"@id\":\"https:\\\/\\\/mazetduruisseau.com\\\/?page_id=79#breadcrumb\",\"itemListElement\":[{\"@type\":\"ListItem\",\"position\":1,\"name\":\"Accueil\",\"item\":\"https:\\\/\\\/mazetduruisseau.com\\\/\"},{\"@type\":\"ListItem\",\"position\":2,\"name\":\"Le g\u00eete\"}]},{\"@type\":\"WebSite\",\"@id\":\"https:\\\/\\\/mazetduruisseau.com\\\/#website\",\"url\":\"https:\\\/\\\/mazetduruisseau.com\\\/\",\"name\":\"Mazet du Ruisseau\",\"description\":\"Les Alpilles au c&oelig;ur\",\"potentialAction\":[{\"@type\":\"SearchAction\",\"target\":{\"@type\":\"EntryPoint\",\"urlTemplate\":\"https:\\\/\\\/mazetduruisseau.com\\\/?s={search_term_string}\"},\"query-input\":{\"@type\":\"PropertyValueSpecification\",\"valueRequired\":true,\"valueName\":\"search_term_string\"}}],\"inLanguage\":\"fr-FR\"}]}<\/script>\n<!-- \/ Yoast SEO plugin. -->","yoast_head_json":{"title":"Le g\u00eete - Mazet du Ruisseau","description":"G\u00eete location de vacances aux Baux de Provence Alpilles","robots":{"index":"index","follow":"follow","max-snippet":"max-snippet:-1","max-image-preview":"max-image-preview:large","max-video-preview":"max-video-preview:-1"},"canonical":"https:\/\/mazetduruisseau.com\/?page_id=79","og_locale":"fr_FR","og_type":"article","og_title":"Le g\u00eete - Mazet du Ruisseau","og_description":"G\u00eete location de vacances aux Baux de Provence Alpilles","og_url":"https:\/\/mazetduruisseau.com\/?page_id=79","og_site_name":"Mazet du Ruisseau","article_modified_time":"2023-02-16T09:59:09+00:00","og_image":[{"url":"https:\/\/mazetduruisseau.com\/wp-content\/uploads\/2023\/02\/20160918_134558-600x600.jpg","type":"","width":"","height":""}],"twitter_card":"summary_large_image","twitter_misc":{"Dur\u00e9e de lecture estim\u00e9e":"2 minutes"},"schema":{"@context":"https:\/\/schema.org","@graph":[{"@type":"WebPage","@id":"https:\/\/mazetduruisseau.com\/?page_id=79","url":"https:\/\/mazetduruisseau.com\/?page_id=79","name":"Le g\u00eete - Mazet du Ruisseau","isPartOf":{"@id":"https:\/\/mazetduruisseau.com\/#website"},"primaryImageOfPage":{"@id":"https:\/\/mazetduruisseau.com\/?page_id=79#primaryimage"},"image":{"@id":"https:\/\/mazetduruisseau.com\/?page_id=79#primaryimage"},"thumbnailUrl":"https:\/\/mazetduruisseau.com\/wp-content\/uploads\/2023\/02\/20160918_134558-600x600.jpg","datePublished":"2023-01-02T11:13:17+00:00","dateModified":"2023-02-16T09:59:09+00:00","description":"G\u00eete location de vacances aux Baux de Provence Alpilles","breadcrumb":{"@id":"https:\/\/mazetduruisseau.com\/?page_id=79#breadcrumb"},"inLanguage":"fr-FR","potentialAction":[{"@type":"ReadAction","target":["https:\/\/mazetduruisseau.com\/?page_id=79"]}]},{"@type":"ImageObject","inLanguage":"fr-FR","@id":"https:\/\/mazetduruisseau.com\/?page_id=79#primaryimage","url":"https:\/\/mazetduruisseau.com\/wp-content\/uploads\/2023\/02\/20160918_134558-600x600.jpg","contentUrl":"https:\/\/mazetduruisseau.com\/wp-content\/uploads\/2023\/02\/20160918_134558-600x600.jpg"},{"@type":"BreadcrumbList","@id":"https:\/\/mazetduruisseau.com\/?page_id=79#breadcrumb","itemListElement":[{"@type":"ListItem","position":1,"name":"Accueil","item":"https:\/\/mazetduruisseau.com\/"},{"@type":"ListItem","position":2,"name":"Le g\u00eete"}]},{"@type":"WebSite","@id":"https:\/\/mazetduruisseau.com\/#website","url":"https:\/\/mazetduruisseau.com\/","name":"Mazet du Ruisseau","description":"Les Alpilles au c&oelig;ur","potentialAction":[{"@type":"SearchAction","target":{"@type":"EntryPoint","urlTemplate":"https:\/\/mazetduruisseau.com\/?s={search_term_string}"},"query-input":{"@type":"PropertyValueSpecification","valueRequired":true,"valueName":"search_term_string"}}],"inLanguage":"fr-FR"}]}},"jetpack_sharing_enabled":true,"_links":{"self":[{"href":"https:\/\/mazetduruisseau.com\/index.php?rest_route=\/wp\/v2\/pages\/79","targetHints":{"allow":["GET"]}}],"collection":[{"href":"https:\/\/mazetduruisseau.com\/index.php?rest_route=\/wp\/v2\/pages"}],"about":[{"href":"https:\/\/mazetduruisseau.com\/index.php?rest_route=\/wp\/v2\/types\/page"}],"author":[{"embeddable":true,"href":"https:\/\/mazetduruisseau.com\/index.php?rest_route=\/wp\/v2\/users\/1"}],"replies":[{"embeddable":true,"href":"https:\/\/mazetduruisseau.com\/index.php?rest_route=%2Fwp%2Fv2%2Fcomments&post=79"}],"version-history":[{"count":60,"href":"https:\/\/mazetduruisseau.com\/index.php?rest_route=\/wp\/v2\/pages\/79\/revisions"}],"predecessor-version":[{"id":645,"href":"https:\/\/mazetduruisseau.com\/index.php?rest_route=\/wp\/v2\/pages\/79\/revisions\/645"}],"wp:attachment":[{"href":"https:\/\/mazetduruisseau.com\/index.php?rest_route=%2Fwp%2Fv2%2Fmedia&parent=79"}],"curies":[{"name":"wp","href":"https:\/\/api.w.org\/{rel}","templated":true}]}}